{"id":728,"date":"2024-07-18T10:26:50","date_gmt":"2024-07-18T08:26:50","guid":{"rendered":"https:\/\/carpe19.com\/?post_type=product&#038;p=728"},"modified":"2025-04-14T01:43:39","modified_gmt":"2025-04-13T23:43:39","slug":"poste-1-la-rive-tranquille","status":"publish","type":"product","link":"https:\/\/carpe19.com\/index.php\/produit\/poste-1-la-rive-tranquille\/","title":{"rendered":"Poste 1 \u2013 La Rive Tranquille:"},"content":{"rendered":"<p style=\"text-align: center;\">[booking]<\/p>\n<p style=\"text-align: center;\">Situ\u00e9 \u00e0 l\u2019ombre des arbres majestueux, ce poste offre une vue imprenable sur l\u2019\u00e9tang calme, parfait pour ceux qui recherchent la s\u00e9r\u00e9nit\u00e9 et la tranquillit\u00e9.<\/p>\n<p style=\"text-align: center;\">Ce poste 1 peut accueillir tous les p\u00eacheurs en v\u00e9hicule am\u00e9nag\u00e9&#8230;.<\/p>\n","protected":false},"excerpt":{"rendered":"<p><span style=\"vertical-align: inherit;\"><span style=\"vertical-align: inherit;\"><span style=\"vertical-align: inherit;\"><span style=\"vertical-align: inherit;\">Situ\u00e9 \u00e0 l\u2019ombre des arbres majestueux, ce poste offre une vue imprenable sur l\u2019\u00e9tang calme, parfait pour ceux qui recherchent la s\u00e9r\u00e9nit\u00e9 et la tranquillit\u00e9.<\/span><\/span><\/span><\/span><\/p>\n","protected":false},"featured_media":1160,"comment_status":"open","ping_status":"closed","template":"","meta":{"_kad_post_transparent":"default","_kad_post_title":"","_kad_post_layout":"default","_kad_post_sidebar_id":"","_kad_post_content_style":"default","_kad_post_vertical_padding":"default","_kad_post_feature":"","_kad_post_feature_position":"","_kad_post_header":false,"_kad_post_footer":false,"_kad_post_classname":""},"product_brand":[],"product_cat":[32],"product_tag":[],"class_list":{"0":"post-728","1":"product","2":"type-product","3":"status-publish","4":"has-post-thumbnail","6":"product_cat-reservations","8":"first","9":"instock","10":"taxable","11":"shipping-taxable","12":"purchasable","13":"product-type-variable","14":"entry","15":"content-bg","16":"loop-entry"},"yoast_head":"<!-- This site is optimized with the Yoast SEO plugin v27.4 - https:\/\/yoast.com\/product\/yoast-seo-wordpress\/ -->\n<title>Poste 1 \u2013 La Rive Tranquille:<\/title>\n<meta name=\"description\" content=\"Situ\u00e9 \u00e0 l\u2019ombre des arbres majestueux, ce poste offre une vue imprenable sur l\u2019\u00e9tang calme, parfait pour ceux qui recherchent la s\u00e9r\u00e9nit\u00e9 et la tranquillit\u00e9\" \/>\n<meta name=\"robots\" content=\"index, follow, max-snippet:-1, max-image-preview:large, max-video-preview:-1\" \/>\n<link rel=\"canonical\" href=\"https:\/\/carpe19.com\/index.php\/produit\/poste-1-la-rive-tranquille\/\" \/>\n<meta property=\"og:locale\" content=\"fr_FR\" \/>\n<meta property=\"og:type\" content=\"article\" \/>\n<meta property=\"og:title\" content=\"Poste 1 \u2013 La Rive Tranquille:\" \/>\n<meta property=\"og:description\" content=\"Situ\u00e9 \u00e0 l\u2019ombre des arbres majestueux, ce poste offre une vue imprenable sur l\u2019\u00e9tang calme, parfait pour ceux qui recherchent la s\u00e9r\u00e9nit\u00e9 et la tranquillit\u00e9\" \/>\n<meta property=\"og:url\" content=\"https:\/\/carpe19.com\/index.php\/produit\/poste-1-la-rive-tranquille\/\" \/>\n<meta property=\"og:site_name\" content=\"Carpe19\" \/>\n<meta property=\"article:modified_time\" content=\"2025-04-13T23:43:39+00:00\" \/>\n<meta property=\"og:image\" content=\"https:\/\/carpe19.com\/wp-content\/uploads\/2024\/07\/IMG_2558-scaled-1.webp\" \/>\n\t<meta property=\"og:image:width\" content=\"1920\" \/>\n\t<meta property=\"og:image:height\" content=\"2560\" \/>\n\t<meta property=\"og:image:type\" content=\"image\/webp\" \/>\n<meta name=\"twitter:card\" content=\"summary_large_image\" \/>\n<meta name=\"twitter:label1\" content=\"Dur\u00e9e de lecture estim\u00e9e\" \/>\n\t<meta name=\"twitter:data1\" content=\"1 minute\" \/>\n<script type=\"application\/ld+json\" class=\"yoast-schema-graph\">{\"@context\":\"https:\\\/\\\/schema.org\",\"@graph\":[{\"@type\":\"WebPage\",\"@id\":\"https:\\\/\\\/carpe19.com\\\/index.php\\\/produit\\\/poste-1-la-rive-tranquille\\\/\",\"url\":\"https:\\\/\\\/carpe19.com\\\/index.php\\\/produit\\\/poste-1-la-rive-tranquille\\\/\",\"name\":\"Poste 1 \u2013 La Rive Tranquille:\",\"isPartOf\":{\"@id\":\"https:\\\/\\\/carpe19.com\\\/#website\"},\"primaryImageOfPage\":{\"@id\":\"https:\\\/\\\/carpe19.com\\\/index.php\\\/produit\\\/poste-1-la-rive-tranquille\\\/#primaryimage\"},\"image\":{\"@id\":\"https:\\\/\\\/carpe19.com\\\/index.php\\\/produit\\\/poste-1-la-rive-tranquille\\\/#primaryimage\"},\"thumbnailUrl\":\"https:\\\/\\\/i0.wp.com\\\/carpe19.com\\\/wp-content\\\/uploads\\\/2024\\\/07\\\/IMG_2558-scaled-1.webp?fit=1920%2C2560&ssl=1\",\"datePublished\":\"2024-07-18T08:26:50+00:00\",\"dateModified\":\"2025-04-13T23:43:39+00:00\",\"description\":\"Situ\u00e9 \u00e0 l\u2019ombre des arbres majestueux, ce poste offre une vue imprenable sur l\u2019\u00e9tang calme, parfait pour ceux qui recherchent la s\u00e9r\u00e9nit\u00e9 et la tranquillit\u00e9\",\"breadcrumb\":{\"@id\":\"https:\\\/\\\/carpe19.com\\\/index.php\\\/produit\\\/poste-1-la-rive-tranquille\\\/#breadcrumb\"},\"inLanguage\":\"fr-FR\",\"potentialAction\":[{\"@type\":\"ReadAction\",\"target\":[\"https:\\\/\\\/carpe19.com\\\/index.php\\\/produit\\\/poste-1-la-rive-tranquille\\\/\"]}]},{\"@type\":\"ImageObject\",\"inLanguage\":\"fr-FR\",\"@id\":\"https:\\\/\\\/carpe19.com\\\/index.php\\\/produit\\\/poste-1-la-rive-tranquille\\\/#primaryimage\",\"url\":\"https:\\\/\\\/i0.wp.com\\\/carpe19.com\\\/wp-content\\\/uploads\\\/2024\\\/07\\\/IMG_2558-scaled-1.webp?fit=1920%2C2560&ssl=1\",\"contentUrl\":\"https:\\\/\\\/i0.wp.com\\\/carpe19.com\\\/wp-content\\\/uploads\\\/2024\\\/07\\\/IMG_2558-scaled-1.webp?fit=1920%2C2560&ssl=1\",\"width\":1920,\"height\":2560},{\"@type\":\"BreadcrumbList\",\"@id\":\"https:\\\/\\\/carpe19.com\\\/index.php\\\/produit\\\/poste-1-la-rive-tranquille\\\/#breadcrumb\",\"itemListElement\":[{\"@type\":\"ListItem\",\"position\":1,\"name\":\"Accueil\",\"item\":\"https:\\\/\\\/carpe19.com\\\/\"},{\"@type\":\"ListItem\",\"position\":2,\"name\":\"App\u00e2ts et Amor\u00e7ages\",\"item\":\"https:\\\/\\\/carpe19.com\\\/index.php\\\/boutique\\\/\"},{\"@type\":\"ListItem\",\"position\":3,\"name\":\"Poste 1 \u2013 La Rive Tranquille:\"}]},{\"@type\":\"WebSite\",\"@id\":\"https:\\\/\\\/carpe19.com\\\/#website\",\"url\":\"https:\\\/\\\/carpe19.com\\\/\",\"name\":\"Carpe19\",\"description\":\"\",\"publisher\":{\"@id\":\"https:\\\/\\\/carpe19.com\\\/#organization\"},\"potentialAction\":[{\"@type\":\"SearchAction\",\"target\":{\"@type\":\"EntryPoint\",\"urlTemplate\":\"https:\\\/\\\/carpe19.com\\\/?s={search_term_string}\"},\"query-input\":{\"@type\":\"PropertyValueSpecification\",\"valueRequired\":true,\"valueName\":\"search_term_string\"}}],\"inLanguage\":\"fr-FR\"},{\"@type\":\"Organization\",\"@id\":\"https:\\\/\\\/carpe19.com\\\/#organization\",\"name\":\"Carpe19\",\"url\":\"https:\\\/\\\/carpe19.com\\\/\",\"logo\":{\"@type\":\"ImageObject\",\"inLanguage\":\"fr-FR\",\"@id\":\"https:\\\/\\\/carpe19.com\\\/#\\\/schema\\\/logo\\\/image\\\/\",\"url\":\"https:\\\/\\\/i0.wp.com\\\/carpe19.com\\\/wp-content\\\/uploads\\\/2024\\\/05\\\/cropped-cropped-Capture-decran-2024-04-19-225015-1.png?fit=759%2C192&ssl=1\",\"contentUrl\":\"https:\\\/\\\/i0.wp.com\\\/carpe19.com\\\/wp-content\\\/uploads\\\/2024\\\/05\\\/cropped-cropped-Capture-decran-2024-04-19-225015-1.png?fit=759%2C192&ssl=1\",\"width\":759,\"height\":192,\"caption\":\"Carpe19\"},\"image\":{\"@id\":\"https:\\\/\\\/carpe19.com\\\/#\\\/schema\\\/logo\\\/image\\\/\"}}]}<\/script>\n<!-- \/ Yoast SEO plugin. -->","yoast_head_json":{"title":"Poste 1 \u2013 La Rive Tranquille:","description":"Situ\u00e9 \u00e0 l\u2019ombre des arbres majestueux, ce poste offre une vue imprenable sur l\u2019\u00e9tang calme, parfait pour ceux qui recherchent la s\u00e9r\u00e9nit\u00e9 et la tranquillit\u00e9","robots":{"index":"index","follow":"follow","max-snippet":"max-snippet:-1","max-image-preview":"max-image-preview:large","max-video-preview":"max-video-preview:-1"},"canonical":"https:\/\/carpe19.com\/index.php\/produit\/poste-1-la-rive-tranquille\/","og_locale":"fr_FR","og_type":"article","og_title":"Poste 1 \u2013 La Rive Tranquille:","og_description":"Situ\u00e9 \u00e0 l\u2019ombre des arbres majestueux, ce poste offre une vue imprenable sur l\u2019\u00e9tang calme, parfait pour ceux qui recherchent la s\u00e9r\u00e9nit\u00e9 et la tranquillit\u00e9","og_url":"https:\/\/carpe19.com\/index.php\/produit\/poste-1-la-rive-tranquille\/","og_site_name":"Carpe19","article_modified_time":"2025-04-13T23:43:39+00:00","og_image":[{"width":1920,"height":2560,"url":"https:\/\/carpe19.com\/wp-content\/uploads\/2024\/07\/IMG_2558-scaled-1.webp","type":"image\/webp"}],"twitter_card":"summary_large_image","twitter_misc":{"Dur\u00e9e de lecture estim\u00e9e":"1 minute"},"schema":{"@context":"https:\/\/schema.org","@graph":[{"@type":"WebPage","@id":"https:\/\/carpe19.com\/index.php\/produit\/poste-1-la-rive-tranquille\/","url":"https:\/\/carpe19.com\/index.php\/produit\/poste-1-la-rive-tranquille\/","name":"Poste 1 \u2013 La Rive Tranquille:","isPartOf":{"@id":"https:\/\/carpe19.com\/#website"},"primaryImageOfPage":{"@id":"https:\/\/carpe19.com\/index.php\/produit\/poste-1-la-rive-tranquille\/#primaryimage"},"image":{"@id":"https:\/\/carpe19.com\/index.php\/produit\/poste-1-la-rive-tranquille\/#primaryimage"},"thumbnailUrl":"https:\/\/i0.wp.com\/carpe19.com\/wp-content\/uploads\/2024\/07\/IMG_2558-scaled-1.webp?fit=1920%2C2560&ssl=1","datePublished":"2024-07-18T08:26:50+00:00","dateModified":"2025-04-13T23:43:39+00:00","description":"Situ\u00e9 \u00e0 l\u2019ombre des arbres majestueux, ce poste offre une vue imprenable sur l\u2019\u00e9tang calme, parfait pour ceux qui recherchent la s\u00e9r\u00e9nit\u00e9 et la tranquillit\u00e9","breadcrumb":{"@id":"https:\/\/carpe19.com\/index.php\/produit\/poste-1-la-rive-tranquille\/#breadcrumb"},"inLanguage":"fr-FR","potentialAction":[{"@type":"ReadAction","target":["https:\/\/carpe19.com\/index.php\/produit\/poste-1-la-rive-tranquille\/"]}]},{"@type":"ImageObject","inLanguage":"fr-FR","@id":"https:\/\/carpe19.com\/index.php\/produit\/poste-1-la-rive-tranquille\/#primaryimage","url":"https:\/\/i0.wp.com\/carpe19.com\/wp-content\/uploads\/2024\/07\/IMG_2558-scaled-1.webp?fit=1920%2C2560&ssl=1","contentUrl":"https:\/\/i0.wp.com\/carpe19.com\/wp-content\/uploads\/2024\/07\/IMG_2558-scaled-1.webp?fit=1920%2C2560&ssl=1","width":1920,"height":2560},{"@type":"BreadcrumbList","@id":"https:\/\/carpe19.com\/index.php\/produit\/poste-1-la-rive-tranquille\/#breadcrumb","itemListElement":[{"@type":"ListItem","position":1,"name":"Accueil","item":"https:\/\/carpe19.com\/"},{"@type":"ListItem","position":2,"name":"App\u00e2ts et Amor\u00e7ages","item":"https:\/\/carpe19.com\/index.php\/boutique\/"},{"@type":"ListItem","position":3,"name":"Poste 1 \u2013 La Rive Tranquille:"}]},{"@type":"WebSite","@id":"https:\/\/carpe19.com\/#website","url":"https:\/\/carpe19.com\/","name":"Carpe19","description":"","publisher":{"@id":"https:\/\/carpe19.com\/#organization"},"potentialAction":[{"@type":"SearchAction","target":{"@type":"EntryPoint","urlTemplate":"https:\/\/carpe19.com\/?s={search_term_string}"},"query-input":{"@type":"PropertyValueSpecification","valueRequired":true,"valueName":"search_term_string"}}],"inLanguage":"fr-FR"},{"@type":"Organization","@id":"https:\/\/carpe19.com\/#organization","name":"Carpe19","url":"https:\/\/carpe19.com\/","logo":{"@type":"ImageObject","inLanguage":"fr-FR","@id":"https:\/\/carpe19.com\/#\/schema\/logo\/image\/","url":"https:\/\/i0.wp.com\/carpe19.com\/wp-content\/uploads\/2024\/05\/cropped-cropped-Capture-decran-2024-04-19-225015-1.png?fit=759%2C192&ssl=1","contentUrl":"https:\/\/i0.wp.com\/carpe19.com\/wp-content\/uploads\/2024\/05\/cropped-cropped-Capture-decran-2024-04-19-225015-1.png?fit=759%2C192&ssl=1","width":759,"height":192,"caption":"Carpe19"},"image":{"@id":"https:\/\/carpe19.com\/#\/schema\/logo\/image\/"}}]}},"jetpack_sharing_enabled":true,"_links":{"self":[{"href":"https:\/\/carpe19.com\/index.php\/wp-json\/wp\/v2\/product\/728","targetHints":{"allow":["GET"]}}],"collection":[{"href":"https:\/\/carpe19.com\/index.php\/wp-json\/wp\/v2\/product"}],"about":[{"href":"https:\/\/carpe19.com\/index.php\/wp-json\/wp\/v2\/types\/product"}],"replies":[{"embeddable":true,"href":"https:\/\/carpe19.com\/index.php\/wp-json\/wp\/v2\/comments?post=728"}],"wp:featuredmedia":[{"embeddable":true,"href":"https:\/\/carpe19.com\/index.php\/wp-json\/wp\/v2\/media\/1160"}],"wp:attachment":[{"href":"https:\/\/carpe19.com\/index.php\/wp-json\/wp\/v2\/media?parent=728"}],"wp:term":[{"taxonomy":"product_brand","embeddable":true,"href":"https:\/\/carpe19.com\/index.php\/wp-json\/wp\/v2\/product_brand?post=728"},{"taxonomy":"product_cat","embeddable":true,"href":"https:\/\/carpe19.com\/index.php\/wp-json\/wp\/v2\/product_cat?post=728"},{"taxonomy":"product_tag","embeddable":true,"href":"https:\/\/carpe19.com\/index.php\/wp-json\/wp\/v2\/product_tag?post=728"}],"curies":[{"name":"wp","href":"https:\/\/api.w.org\/{rel}","templated":true}]}}