{"id":213,"date":"2024-04-20T19:27:26","date_gmt":"2024-04-20T17:27:26","guid":{"rendered":"https:\/\/carpe19.com\/?post_type=product&#038;p=213"},"modified":"2024-11-06T14:47:30","modified_gmt":"2024-11-06T13:47:30","slug":"additifs","status":"publish","type":"product","link":"https:\/\/carpe19.com\/index.php\/produit\/additifs\/","title":{"rendered":"Additifs"},"content":{"rendered":"","protected":false},"excerpt":{"rendered":"<p>Ce booster \u00e0 base huileuse permet d\u2019augmenter l\u2019attraction de vos bouillettes d\u2019eschage afin de les rendre plus d\u00e9tectables au milieu d\u2019un amor\u00e7age. Peut \u00e9galement \u00eatre utilis\u00e9 pour la fabrication de bouillettes \u00e0 raison de 10 \u00e0 30 ml\/kg.<\/p>\n","protected":false},"featured_media":1194,"comment_status":"open","ping_status":"closed","template":"","meta":{"_kad_post_transparent":"default","_kad_post_title":"","_kad_post_layout":"default","_kad_post_sidebar_id":"","_kad_post_content_style":"default","_kad_post_vertical_padding":"default","_kad_post_feature":"","_kad_post_feature_position":"","_kad_post_header":false,"_kad_post_footer":false,"_kad_post_classname":""},"product_brand":[],"product_cat":[23],"product_tag":[],"class_list":{"0":"post-213","1":"product","2":"type-product","3":"status-publish","4":"has-post-thumbnail","6":"product_cat-additifs","8":"first","9":"instock","10":"taxable","11":"shipping-taxable","12":"purchasable","13":"product-type-simple","14":"entry","15":"content-bg","16":"loop-entry"},"yoast_head":"<!-- This site is optimized with the Yoast SEO plugin v27.4 - https:\/\/yoast.com\/product\/yoast-seo-wordpress\/ -->\n<title>Additifs - Carpe19<\/title>\n<meta name=\"robots\" content=\"index, follow, max-snippet:-1, max-image-preview:large, max-video-preview:-1\" \/>\n<link rel=\"canonical\" href=\"https:\/\/carpe19.com\/index.php\/produit\/additifs\/\" \/>\n<meta property=\"og:locale\" content=\"fr_FR\" \/>\n<meta property=\"og:type\" content=\"article\" \/>\n<meta property=\"og:title\" content=\"Additifs - Carpe19\" \/>\n<meta property=\"og:description\" content=\"Ce booster \u00e0 base huileuse permet d\u2019augmenter l\u2019attraction de vos bouillettes d\u2019eschage afin de les rendre plus d\u00e9tectables au milieu d\u2019un amor\u00e7age. Peut \u00e9galement \u00eatre utilis\u00e9 pour la fabrication de bouillettes \u00e0 raison de 10 \u00e0 30 ml\/kg.\" \/>\n<meta property=\"og:url\" content=\"https:\/\/carpe19.com\/index.php\/produit\/additifs\/\" \/>\n<meta property=\"og:site_name\" content=\"Carpe19\" \/>\n<meta property=\"article:modified_time\" content=\"2024-11-06T13:47:30+00:00\" \/>\n<meta property=\"og:image\" content=\"https:\/\/carpe19.com\/wp-content\/uploads\/2024\/04\/IMG_2808-scaled.jpg\" \/>\n\t<meta property=\"og:image:width\" content=\"1920\" \/>\n\t<meta property=\"og:image:height\" content=\"2560\" \/>\n\t<meta property=\"og:image:type\" content=\"image\/jpeg\" \/>\n<meta name=\"twitter:card\" content=\"summary_large_image\" \/>\n<meta name=\"twitter:label1\" content=\"Dur\u00e9e de lecture estim\u00e9e\" \/>\n\t<meta name=\"twitter:data1\" content=\"1 minute\" \/>\n<script type=\"application\/ld+json\" class=\"yoast-schema-graph\">{\"@context\":\"https:\\\/\\\/schema.org\",\"@graph\":[{\"@type\":\"WebPage\",\"@id\":\"https:\\\/\\\/carpe19.com\\\/index.php\\\/produit\\\/additifs\\\/\",\"url\":\"https:\\\/\\\/carpe19.com\\\/index.php\\\/produit\\\/additifs\\\/\",\"name\":\"Additifs - Carpe19\",\"isPartOf\":{\"@id\":\"https:\\\/\\\/carpe19.com\\\/#website\"},\"primaryImageOfPage\":{\"@id\":\"https:\\\/\\\/carpe19.com\\\/index.php\\\/produit\\\/additifs\\\/#primaryimage\"},\"image\":{\"@id\":\"https:\\\/\\\/carpe19.com\\\/index.php\\\/produit\\\/additifs\\\/#primaryimage\"},\"thumbnailUrl\":\"https:\\\/\\\/i0.wp.com\\\/carpe19.com\\\/wp-content\\\/uploads\\\/2024\\\/04\\\/IMG_2808-scaled.jpg?fit=1920%2C2560&ssl=1\",\"datePublished\":\"2024-04-20T17:27:26+00:00\",\"dateModified\":\"2024-11-06T13:47:30+00:00\",\"breadcrumb\":{\"@id\":\"https:\\\/\\\/carpe19.com\\\/index.php\\\/produit\\\/additifs\\\/#breadcrumb\"},\"inLanguage\":\"fr-FR\",\"potentialAction\":[{\"@type\":\"ReadAction\",\"target\":[\"https:\\\/\\\/carpe19.com\\\/index.php\\\/produit\\\/additifs\\\/\"]}]},{\"@type\":\"ImageObject\",\"inLanguage\":\"fr-FR\",\"@id\":\"https:\\\/\\\/carpe19.com\\\/index.php\\\/produit\\\/additifs\\\/#primaryimage\",\"url\":\"https:\\\/\\\/i0.wp.com\\\/carpe19.com\\\/wp-content\\\/uploads\\\/2024\\\/04\\\/IMG_2808-scaled.jpg?fit=1920%2C2560&ssl=1\",\"contentUrl\":\"https:\\\/\\\/i0.wp.com\\\/carpe19.com\\\/wp-content\\\/uploads\\\/2024\\\/04\\\/IMG_2808-scaled.jpg?fit=1920%2C2560&ssl=1\",\"width\":1920,\"height\":2560},{\"@type\":\"BreadcrumbList\",\"@id\":\"https:\\\/\\\/carpe19.com\\\/index.php\\\/produit\\\/additifs\\\/#breadcrumb\",\"itemListElement\":[{\"@type\":\"ListItem\",\"position\":1,\"name\":\"Accueil\",\"item\":\"https:\\\/\\\/carpe19.com\\\/\"},{\"@type\":\"ListItem\",\"position\":2,\"name\":\"App\u00e2ts et Amor\u00e7ages\",\"item\":\"https:\\\/\\\/carpe19.com\\\/index.php\\\/boutique\\\/\"},{\"@type\":\"ListItem\",\"position\":3,\"name\":\"Additifs\"}]},{\"@type\":\"WebSite\",\"@id\":\"https:\\\/\\\/carpe19.com\\\/#website\",\"url\":\"https:\\\/\\\/carpe19.com\\\/\",\"name\":\"Carpe19\",\"description\":\"\",\"publisher\":{\"@id\":\"https:\\\/\\\/carpe19.com\\\/#organization\"},\"potentialAction\":[{\"@type\":\"SearchAction\",\"target\":{\"@type\":\"EntryPoint\",\"urlTemplate\":\"https:\\\/\\\/carpe19.com\\\/?s={search_term_string}\"},\"query-input\":{\"@type\":\"PropertyValueSpecification\",\"valueRequired\":true,\"valueName\":\"search_term_string\"}}],\"inLanguage\":\"fr-FR\"},{\"@type\":\"Organization\",\"@id\":\"https:\\\/\\\/carpe19.com\\\/#organization\",\"name\":\"Carpe19\",\"url\":\"https:\\\/\\\/carpe19.com\\\/\",\"logo\":{\"@type\":\"ImageObject\",\"inLanguage\":\"fr-FR\",\"@id\":\"https:\\\/\\\/carpe19.com\\\/#\\\/schema\\\/logo\\\/image\\\/\",\"url\":\"https:\\\/\\\/i0.wp.com\\\/carpe19.com\\\/wp-content\\\/uploads\\\/2024\\\/05\\\/cropped-cropped-Capture-decran-2024-04-19-225015-1.png?fit=759%2C192&ssl=1\",\"contentUrl\":\"https:\\\/\\\/i0.wp.com\\\/carpe19.com\\\/wp-content\\\/uploads\\\/2024\\\/05\\\/cropped-cropped-Capture-decran-2024-04-19-225015-1.png?fit=759%2C192&ssl=1\",\"width\":759,\"height\":192,\"caption\":\"Carpe19\"},\"image\":{\"@id\":\"https:\\\/\\\/carpe19.com\\\/#\\\/schema\\\/logo\\\/image\\\/\"}}]}<\/script>\n<!-- \/ Yoast SEO plugin. -->","yoast_head_json":{"title":"Additifs - Carpe19","robots":{"index":"index","follow":"follow","max-snippet":"max-snippet:-1","max-image-preview":"max-image-preview:large","max-video-preview":"max-video-preview:-1"},"canonical":"https:\/\/carpe19.com\/index.php\/produit\/additifs\/","og_locale":"fr_FR","og_type":"article","og_title":"Additifs - Carpe19","og_description":"Ce booster \u00e0 base huileuse permet d\u2019augmenter l\u2019attraction de vos bouillettes d\u2019eschage afin de les rendre plus d\u00e9tectables au milieu d\u2019un amor\u00e7age. Peut \u00e9galement \u00eatre utilis\u00e9 pour la fabrication de bouillettes \u00e0 raison de 10 \u00e0 30 ml\/kg.","og_url":"https:\/\/carpe19.com\/index.php\/produit\/additifs\/","og_site_name":"Carpe19","article_modified_time":"2024-11-06T13:47:30+00:00","og_image":[{"width":1920,"height":2560,"url":"https:\/\/carpe19.com\/wp-content\/uploads\/2024\/04\/IMG_2808-scaled.jpg","type":"image\/jpeg"}],"twitter_card":"summary_large_image","twitter_misc":{"Dur\u00e9e de lecture estim\u00e9e":"1 minute"},"schema":{"@context":"https:\/\/schema.org","@graph":[{"@type":"WebPage","@id":"https:\/\/carpe19.com\/index.php\/produit\/additifs\/","url":"https:\/\/carpe19.com\/index.php\/produit\/additifs\/","name":"Additifs - Carpe19","isPartOf":{"@id":"https:\/\/carpe19.com\/#website"},"primaryImageOfPage":{"@id":"https:\/\/carpe19.com\/index.php\/produit\/additifs\/#primaryimage"},"image":{"@id":"https:\/\/carpe19.com\/index.php\/produit\/additifs\/#primaryimage"},"thumbnailUrl":"https:\/\/i0.wp.com\/carpe19.com\/wp-content\/uploads\/2024\/04\/IMG_2808-scaled.jpg?fit=1920%2C2560&ssl=1","datePublished":"2024-04-20T17:27:26+00:00","dateModified":"2024-11-06T13:47:30+00:00","breadcrumb":{"@id":"https:\/\/carpe19.com\/index.php\/produit\/additifs\/#breadcrumb"},"inLanguage":"fr-FR","potentialAction":[{"@type":"ReadAction","target":["https:\/\/carpe19.com\/index.php\/produit\/additifs\/"]}]},{"@type":"ImageObject","inLanguage":"fr-FR","@id":"https:\/\/carpe19.com\/index.php\/produit\/additifs\/#primaryimage","url":"https:\/\/i0.wp.com\/carpe19.com\/wp-content\/uploads\/2024\/04\/IMG_2808-scaled.jpg?fit=1920%2C2560&ssl=1","contentUrl":"https:\/\/i0.wp.com\/carpe19.com\/wp-content\/uploads\/2024\/04\/IMG_2808-scaled.jpg?fit=1920%2C2560&ssl=1","width":1920,"height":2560},{"@type":"BreadcrumbList","@id":"https:\/\/carpe19.com\/index.php\/produit\/additifs\/#breadcrumb","itemListElement":[{"@type":"ListItem","position":1,"name":"Accueil","item":"https:\/\/carpe19.com\/"},{"@type":"ListItem","position":2,"name":"App\u00e2ts et Amor\u00e7ages","item":"https:\/\/carpe19.com\/index.php\/boutique\/"},{"@type":"ListItem","position":3,"name":"Additifs"}]},{"@type":"WebSite","@id":"https:\/\/carpe19.com\/#website","url":"https:\/\/carpe19.com\/","name":"Carpe19","description":"","publisher":{"@id":"https:\/\/carpe19.com\/#organization"},"potentialAction":[{"@type":"SearchAction","target":{"@type":"EntryPoint","urlTemplate":"https:\/\/carpe19.com\/?s={search_term_string}"},"query-input":{"@type":"PropertyValueSpecification","valueRequired":true,"valueName":"search_term_string"}}],"inLanguage":"fr-FR"},{"@type":"Organization","@id":"https:\/\/carpe19.com\/#organization","name":"Carpe19","url":"https:\/\/carpe19.com\/","logo":{"@type":"ImageObject","inLanguage":"fr-FR","@id":"https:\/\/carpe19.com\/#\/schema\/logo\/image\/","url":"https:\/\/i0.wp.com\/carpe19.com\/wp-content\/uploads\/2024\/05\/cropped-cropped-Capture-decran-2024-04-19-225015-1.png?fit=759%2C192&ssl=1","contentUrl":"https:\/\/i0.wp.com\/carpe19.com\/wp-content\/uploads\/2024\/05\/cropped-cropped-Capture-decran-2024-04-19-225015-1.png?fit=759%2C192&ssl=1","width":759,"height":192,"caption":"Carpe19"},"image":{"@id":"https:\/\/carpe19.com\/#\/schema\/logo\/image\/"}}]}},"jetpack_sharing_enabled":true,"_links":{"self":[{"href":"https:\/\/carpe19.com\/index.php\/wp-json\/wp\/v2\/product\/213","targetHints":{"allow":["GET"]}}],"collection":[{"href":"https:\/\/carpe19.com\/index.php\/wp-json\/wp\/v2\/product"}],"about":[{"href":"https:\/\/carpe19.com\/index.php\/wp-json\/wp\/v2\/types\/product"}],"replies":[{"embeddable":true,"href":"https:\/\/carpe19.com\/index.php\/wp-json\/wp\/v2\/comments?post=213"}],"wp:featuredmedia":[{"embeddable":true,"href":"https:\/\/carpe19.com\/index.php\/wp-json\/wp\/v2\/media\/1194"}],"wp:attachment":[{"href":"https:\/\/carpe19.com\/index.php\/wp-json\/wp\/v2\/media?parent=213"}],"wp:term":[{"taxonomy":"product_brand","embeddable":true,"href":"https:\/\/carpe19.com\/index.php\/wp-json\/wp\/v2\/product_brand?post=213"},{"taxonomy":"product_cat","embeddable":true,"href":"https:\/\/carpe19.com\/index.php\/wp-json\/wp\/v2\/product_cat?post=213"},{"taxonomy":"product_tag","embeddable":true,"href":"https:\/\/carpe19.com\/index.php\/wp-json\/wp\/v2\/product_tag?post=213"}],"curies":[{"name":"wp","href":"https:\/\/api.w.org\/{rel}","templated":true}]}}