{"id":34,"date":"2024-04-20T14:27:29","date_gmt":"2024-04-20T12:27:29","guid":{"rendered":"http:\/\/carpe19.com\/?page_id=34"},"modified":"2026-01-03T17:13:20","modified_gmt":"2026-01-03T16:13:20","slug":"accueil-de-carpe19","status":"publish","type":"page","link":"https:\/\/carpe19.com\/","title":{"rendered":"Accueil"},"content":{"rendered":"\n<div style=\"height:60px\" aria-hidden=\"true\" class=\"wp-block-spacer\"><\/div>\n\n\n\n<h2 class=\"wp-block-heading has-text-align-center\">Bienvenue chez carpe19<\/h2>\n\n\n\n<div style=\"height:30px\" aria-hidden=\"true\" class=\"wp-block-spacer\"><\/div>\n\n\n\n<figure class=\"wp-block-image aligncenter size-large is-resized has-custom-border is-style-rounded\"><img data-recalc-dims=\"1\" fetchpriority=\"high\" decoding=\"async\" width=\"1024\" height=\"768\" src=\"https:\/\/i0.wp.com\/carpe19.com\/wp-content\/uploads\/2024\/09\/IMG_2465.jpg?resize=1024%2C768&#038;ssl=1\" alt=\"\" class=\"wp-image-1139\" style=\"border-width:1px;border-radius:33px;width:393px;height:auto\" srcset=\"https:\/\/i0.wp.com\/carpe19.com\/wp-content\/uploads\/2024\/09\/IMG_2465-scaled.jpg?resize=1024%2C768&amp;ssl=1 1024w, https:\/\/i0.wp.com\/carpe19.com\/wp-content\/uploads\/2024\/09\/IMG_2465-scaled.jpg?resize=300%2C225&amp;ssl=1 300w, https:\/\/i0.wp.com\/carpe19.com\/wp-content\/uploads\/2024\/09\/IMG_2465-scaled.jpg?resize=768%2C576&amp;ssl=1 768w, https:\/\/i0.wp.com\/carpe19.com\/wp-content\/uploads\/2024\/09\/IMG_2465-scaled.jpg?resize=1536%2C1152&amp;ssl=1 1536w, https:\/\/i0.wp.com\/carpe19.com\/wp-content\/uploads\/2024\/09\/IMG_2465-scaled.jpg?resize=2048%2C1536&amp;ssl=1 2048w, https:\/\/i0.wp.com\/carpe19.com\/wp-content\/uploads\/2024\/09\/IMG_2465-scaled.jpg?resize=1320%2C990&amp;ssl=1 1320w, https:\/\/i0.wp.com\/carpe19.com\/wp-content\/uploads\/2024\/09\/IMG_2465-scaled.jpg?resize=600%2C450&amp;ssl=1 600w\" sizes=\"(max-width: 1024px) 100vw, 1024px\" \/><\/figure>\n\n\n\n<div style=\"height:30px\" aria-hidden=\"true\" class=\"wp-block-spacer\"><\/div>\n\n\n\n<p class=\"has-text-align-center\"><strong>Nous sommes profond\u00e9ment fiers d\u2019avoir repris l\u2019\u00e9tang de 2,7 hectares, restaur\u00e9 avec passion par les anciens propri\u00e9taires, pour cr\u00e9er un v\u00e9ritable havre de paix pour nos pr\u00e9cieux clients et les passionn\u00e9s de p\u00eache \u00e0 la carpe. Notre cheptel compte environ 150 carpes, avec une moyenne de 18 kilos, allant jusqu\u2019\u00e0 28 kilos pour les plus gros sujets.<\/strong><\/p>\n\n\n\n<div style=\"height:30px\" aria-hidden=\"true\" class=\"wp-block-spacer\"><\/div>\n\n\n\n<figure class=\"wp-block-image aligncenter size-large is-resized has-custom-border is-style-default\"><img data-recalc-dims=\"1\" decoding=\"async\" width=\"1024\" height=\"685\" src=\"https:\/\/i0.wp.com\/carpe19.com\/wp-content\/uploads\/2024\/07\/DSC_8253.jpg?resize=1024%2C685&#038;ssl=1\" alt=\"\" class=\"wp-image-942\" style=\"border-width:1px;border-radius:26px;width:362px;height:auto\" srcset=\"https:\/\/i0.wp.com\/carpe19.com\/wp-content\/uploads\/2024\/07\/DSC_8253-scaled.jpg?resize=1024%2C685&amp;ssl=1 1024w, https:\/\/i0.wp.com\/carpe19.com\/wp-content\/uploads\/2024\/07\/DSC_8253-scaled.jpg?resize=300%2C201&amp;ssl=1 300w, https:\/\/i0.wp.com\/carpe19.com\/wp-content\/uploads\/2024\/07\/DSC_8253-scaled.jpg?resize=768%2C514&amp;ssl=1 768w, https:\/\/i0.wp.com\/carpe19.com\/wp-content\/uploads\/2024\/07\/DSC_8253-scaled.jpg?resize=1536%2C1028&amp;ssl=1 1536w, https:\/\/i0.wp.com\/carpe19.com\/wp-content\/uploads\/2024\/07\/DSC_8253-scaled.jpg?resize=2048%2C1371&amp;ssl=1 2048w, https:\/\/i0.wp.com\/carpe19.com\/wp-content\/uploads\/2024\/07\/DSC_8253-scaled.jpg?resize=1320%2C884&amp;ssl=1 1320w, https:\/\/i0.wp.com\/carpe19.com\/wp-content\/uploads\/2024\/07\/DSC_8253-scaled.jpg?resize=600%2C402&amp;ssl=1 600w\" sizes=\"(max-width: 1024px) 100vw, 1024px\" \/><\/figure>\n\n\n\n<div style=\"height:30px\" aria-hidden=\"true\" class=\"wp-block-spacer\"><\/div>\n\n\n\n<p class=\"has-text-align-center\"><strong>Gr\u00e2ce \u00e0 nos travaux et \u00e0 notre d\u00e9vouement sans faille, l\u2019\u00e9tang est d\u00e9sormais un refuge tranquille o\u00f9 les carpes prosp\u00e8rent, offrant aux p\u00eacheurs l\u2019opportunit\u00e9 de relever des d\u00e9fis passionnants et de capturer des sp\u00e9cimens remarquables.<\/strong><\/p>\n\n\n\n<div style=\"height:30px\" aria-hidden=\"true\" class=\"wp-block-spacer\"><\/div>\n\n\n\n<figure class=\"wp-block-image aligncenter size-large is-resized has-custom-border\"><img data-recalc-dims=\"1\" decoding=\"async\" width=\"1024\" height=\"685\" src=\"https:\/\/i0.wp.com\/carpe19.com\/wp-content\/uploads\/2024\/04\/DSC_8264.jpg?resize=1024%2C685&#038;ssl=1\" alt=\"\" class=\"wp-image-82\" style=\"border-width:1px;border-radius:23px;width:357px;height:auto\" srcset=\"https:\/\/i0.wp.com\/carpe19.com\/wp-content\/uploads\/2024\/04\/DSC_8264-scaled.jpg?resize=1024%2C685&amp;ssl=1 1024w, https:\/\/i0.wp.com\/carpe19.com\/wp-content\/uploads\/2024\/04\/DSC_8264-scaled.jpg?resize=300%2C201&amp;ssl=1 300w, https:\/\/i0.wp.com\/carpe19.com\/wp-content\/uploads\/2024\/04\/DSC_8264-scaled.jpg?resize=768%2C514&amp;ssl=1 768w, https:\/\/i0.wp.com\/carpe19.com\/wp-content\/uploads\/2024\/04\/DSC_8264-scaled.jpg?resize=1536%2C1028&amp;ssl=1 1536w, https:\/\/i0.wp.com\/carpe19.com\/wp-content\/uploads\/2024\/04\/DSC_8264-scaled.jpg?resize=2048%2C1371&amp;ssl=1 2048w, https:\/\/i0.wp.com\/carpe19.com\/wp-content\/uploads\/2024\/04\/DSC_8264-scaled.jpg?resize=600%2C402&amp;ssl=1 600w\" sizes=\"(max-width: 1024px) 100vw, 1024px\" \/><\/figure>\n\n\n\n<div style=\"height:30px\" aria-hidden=\"true\" class=\"wp-block-spacer\"><\/div>\n\n\n\n<p class=\"has-text-align-center\"><strong>Nous vous invitons \u00e0 d\u00e9couvrir cette nouvelle vie que nous avons insuffl\u00e9e \u00e0 ce lieu enchanteur. Que vous soyez un carpiste exp\u00e9riment\u00e9 \u00e0 la recherche de nouveaux d\u00e9fis ou un p\u00eacheur d\u00e9butant d\u00e9sireux d\u2019apprendre, vous serez s\u00e9duit par la magie de Carpe19.<\/strong><\/p>\n\n\n\n<div style=\"height:30px\" aria-hidden=\"true\" class=\"wp-block-spacer\"><\/div>\n\n\n\n<figure class=\"wp-block-image aligncenter size-full is-resized has-custom-border\"><img data-recalc-dims=\"1\" loading=\"lazy\" decoding=\"async\" width=\"1290\" height=\"968\" src=\"https:\/\/i0.wp.com\/carpe19.com\/wp-content\/uploads\/2024\/07\/IMG_1436-scaled.jpg?resize=1290%2C968&#038;ssl=1\" alt=\"\" class=\"wp-image-941\" style=\"border-width:1px;border-radius:23px;width:344px;height:auto\" srcset=\"https:\/\/i0.wp.com\/carpe19.com\/wp-content\/uploads\/2024\/07\/IMG_1436-scaled.jpg?w=2560&amp;ssl=1 2560w, https:\/\/i0.wp.com\/carpe19.com\/wp-content\/uploads\/2024\/07\/IMG_1436-scaled.jpg?resize=300%2C225&amp;ssl=1 300w\" sizes=\"(max-width: 1290px) 100vw, 1290px\" \/><\/figure>\n\n\n\n<div style=\"height:32px\" aria-hidden=\"true\" class=\"wp-block-spacer\"><\/div>\n\n\n\n<h2 class=\"wp-block-heading has-text-align-center\">&nbsp;invitation a d\u00e9couvrir notre \u00e9tang de p\u00eache<\/h2>\n\n\n\n<div style=\"height:33px\" aria-hidden=\"true\" class=\"wp-block-spacer\"><\/div>\n\n\n\n<p class=\"has-text-align-center\"><strong>Nous sommes ravis de vous inviter \u00e0 d\u00e9couvrir notre site remarquable \u00e0 travers une vid\u00e9o captivante sp\u00e9cialement tourn\u00e9e pour vous. Impr\u00e9gnez-vous de la beaut\u00e9 de notre \u00e9tang et laissez-vous transporter par l\u2019atmosph\u00e8re unique de Carpe19.<\/strong><\/p>\n\n\n<style>.kb-row-layout-id34_bf9bfd-b9 > .kt-row-column-wrap{align-content:start;}:where(.kb-row-layout-id34_bf9bfd-b9 > .kt-row-column-wrap) > .wp-block-kadence-column{justify-content:start;}.kb-row-layout-id34_bf9bfd-b9 > .kt-row-column-wrap{column-gap:var(--global-kb-gap-md, 2rem);row-gap:var(--global-kb-gap-md, 2rem);padding-top:var(--global-kb-spacing-sm, 1.5rem);padding-bottom:var(--global-kb-spacing-sm, 1.5rem);grid-template-columns:minmax(0, 1fr);}.kb-row-layout-id34_bf9bfd-b9 > .kt-row-layout-overlay{opacity:0.30;}@media all and (max-width: 1024px){.kb-row-layout-id34_bf9bfd-b9 > .kt-row-column-wrap{grid-template-columns:minmax(0, 1fr);}}@media all and (max-width: 767px){.kb-row-layout-id34_bf9bfd-b9 > .kt-row-column-wrap{grid-template-columns:minmax(0, 1fr);}}<\/style><div class=\"kb-row-layout-wrap kb-row-layout-id34_bf9bfd-b9 alignnone wp-block-kadence-rowlayout\"><div class=\"kt-row-column-wrap kt-has-1-columns kt-row-layout-equal kt-tab-layout-inherit kt-mobile-layout-row kt-row-valign-top\">\n<style>.kadence-column34_d9d486-03 > .kt-inside-inner-col,.kadence-column34_d9d486-03 > .kt-inside-inner-col:before{border-top-left-radius:11px;border-top-right-radius:11px;border-bottom-right-radius:11px;border-bottom-left-radius:11px;}.kadence-column34_d9d486-03 > .kt-inside-inner-col{column-gap:var(--global-kb-gap-sm, 1rem);}.kadence-column34_d9d486-03 > .kt-inside-inner-col{flex-direction:column;}.kadence-column34_d9d486-03 > .kt-inside-inner-col > .aligncenter{width:100%;}.kadence-column34_d9d486-03 > .kt-inside-inner-col:before{opacity:0.3;}.kadence-column34_d9d486-03{position:relative;}@media all and (max-width: 1024px){.kadence-column34_d9d486-03 > .kt-inside-inner-col{flex-direction:column;justify-content:center;}}@media all and (max-width: 767px){.kadence-column34_d9d486-03 > .kt-inside-inner-col{flex-direction:column;justify-content:center;}}<\/style>\n<div class=\"wp-block-kadence-column kadence-column34_d9d486-03\"><div class=\"kt-inside-inner-col\">\n\t\t<figure class=\"wp-block-jetpack-videopress jetpack-videopress-player wp-block-embed is-type-video is-provider-videopress aligncenter wp-block-jetpack-videopress--has-max-width\" style=\"max-width: 507px;\" >\n\t\t\t<div class=\"jetpack-videopress-player__wrapper\"> <div class=\"jetpack-video-wrapper\"><iframe hcb-fetch-image-from=\"https:\/\/videopress.com\/v\/gccbVsLw?resizeToParent=1&amp;cover=1&amp;autoPlay=0&amp;controls=1&amp;loop=0&amp;muted=0&amp;persistVolume=1&amp;playsinline=0&amp;preloadContent=metadata&amp;sbc&amp;sbpc&amp;sblc&amp;useAverageColor=1\" title=\"VideoPress Video Player\" aria-label='VideoPress Video Player' width='720' height='405' src='https:\/\/videopress.com\/embed\/gccbVsLw?cover=1&amp;autoPlay=0&amp;controls=1&amp;loop=0&amp;muted=0&amp;persistVolume=1&amp;playsinline=0&amp;preloadContent=metadata&amp;useAverageColor=1&amp;hd=0' frameborder='0' allowfullscreen data-resize-to-parent=\"true\" allow='clipboard-write'><\/iframe><script src='https:\/\/v0.wordpress.com\/js\/next\/videopress-iframe.js?m=1739540970'><\/script><\/div><\/div>\n\t\t\t<figcaption><\/figcaption>\n\t\t\t\n\t\t<\/figure>\n\t\t<\/div><\/div>\n\n<\/div><\/div>\n\n\n<div style=\"height:33px\" aria-hidden=\"true\" class=\"wp-block-spacer\"><\/div>\n\n\n\n<div style=\"height:25px\" aria-hidden=\"true\" class=\"wp-block-spacer\"><\/div>\n\n\n\n<p class=\"has-text-align-center\"><strong>Chaque poste de l\u2019\u00e9tang est \u00e9quip\u00e9 d\u2019une cabane de p\u00eacheur, d\u2019un bedchair, d\u2019une table, d\u2019un barbecue et du mat\u00e9riel no-kill (tr\u00e9pied, peson, sac de pes\u00e9e, matelas, \u00e9puisette). Cette initiative vise \u00e0 am\u00e9liorer le confort des p\u00eacheurs et \u00e0 rendre leur exp\u00e9rience sur le site encore plus agr\u00e9able.<\/strong><\/p>\n\n\n\n<p class=\"has-text-align-center\"><strong>De plus, un service de restauration de pizzas maison est disponible, avec livraison directement \u00e0 votre poste. Vous pouvez ainsi profiter de repas et de rafra\u00eechissements sur place, facilitant votre s\u00e9jour et vous permettant de vous concentrer pleinement sur votre passion pour la p\u00eache.<\/strong><\/p>\n\n\n\n<p class=\"has-text-align-center\"><strong>Nous esp\u00e9rons que ces nouvelles installations et services contribueront \u00e0 rendre votre exp\u00e9rience de p\u00eache encore plus m\u00e9morable et plaisante.<\/strong><\/p>\n\n\n\n<p class=\"has-text-align-center\"><strong>Amis p\u00eacheurs, nous vous attendons avec impatience pour partager ensemble des moments inoubliables au bord de l\u2019eau<\/strong>.<\/p>\n\n\n\n<p class=\"has-text-align-center\"><strong>Nous vous remercions de l\u2019int\u00e9r\u00eat que vous portez \u00e0 notre \u00e9tang. Pour toute demande de renseignements concernant nos services, <a href=\"https:\/\/carpe19.com\/index.php\/tarifs-de-peche\/\">nos tarifs<\/a> ou toute autre question, n\u2019h\u00e9sitez pas \u00e0 me contacter.<br>Pour toute personne de nationalit\u00e9 \u00e9trang\u00e8re, merci de faire votre r\u00e9servation uniquement par e-mail.<br><a href=\"mailto:sylvain@carpe19.com\">sylvain@carpe19.com<\/a><br>Je me ferai un plaisir de vous assister et de r\u00e9pondre \u00e0 toutes vos interrogations. Vous pouvez me joindre exclusivement<br>par t\u00e9l\u00e9phone au&nbsp;<mark style=\"background-color:rgba(0, 0, 0, 0)\" class=\"has-inline-color has-theme-palette-1-color\">06 14 94 97 21<\/mark><br>Sylvain<\/strong><\/p>\n\n\n\n<div style=\"height:30px\" aria-hidden=\"true\" class=\"wp-block-spacer\"><\/div>\n\n\n\n<p class=\"has-text-align-center has-xxlarge-font-size\"><iframe title=\"45.433915752325746, 1.6837636176253272\" src=\"https:\/\/maps.google.com\/maps?q=45.433915752325746%2C%201.6837636176253272&amp;t=m&amp;z=16&amp;output=embed&amp;iwloc=near\" aria-label=\"45.433915752325746, 1.6837636176253272\"><\/iframe><\/p>\n\n\n\n<p><\/p>\n","protected":false},"excerpt":{"rendered":"<p>Bienvenue chez carpe19 Nous sommes profond\u00e9ment fiers d\u2019avoir repris l\u2019\u00e9tang de 2,7 hectares, restaur\u00e9 avec passion par les anciens propri\u00e9taires, pour cr\u00e9er un v\u00e9ritable havre de paix pour nos pr\u00e9cieux clients et les passionn\u00e9s de p\u00eache \u00e0 la carpe. Notre cheptel compte environ 150 carpes, avec une moyenne de 18 kilos, allant jusqu\u2019\u00e0 28 kilos&#8230;<\/p>\n","protected":false},"author":1,"featured_media":0,"parent":0,"menu_order":0,"comment_status":"closed","ping_status":"closed","template":"","meta":{"_kad_post_transparent":"default","_kad_post_title":"default","_kad_post_layout":"default","_kad_post_sidebar_id":"","_kad_post_content_style":"default","_kad_post_vertical_padding":"","_kad_post_feature":"","_kad_post_feature_position":"","_kad_post_header":false,"_kad_post_footer":false,"_kad_post_classname":"","footnotes":""},"class_list":["post-34","page","type-page","status-publish","hentry"],"yoast_head":"<!-- This site is optimized with the Yoast SEO plugin v27.5 - https:\/\/yoast.com\/product\/yoast-seo-wordpress\/ -->\n<title>carpe19<\/title>\n<meta name=\"description\" content=\"Nous sommes profond\u00e9ment fiers d\u2019avoir repris l\u2019\u00e9tang carpe19 de 2,7 hectares restaur\u00e9 avec ardeur par les anciens propri\u00e9taires,\" \/>\n<meta name=\"robots\" content=\"index, follow, max-snippet:-1, max-image-preview:large, max-video-preview:-1\" \/>\n<link rel=\"canonical\" href=\"https:\/\/carpe19.com\/\" \/>\n<meta property=\"og:locale\" content=\"fr_FR\" \/>\n<meta property=\"og:type\" content=\"article\" \/>\n<meta property=\"og:title\" content=\"carpe19\" \/>\n<meta property=\"og:description\" content=\"Nous sommes profond\u00e9ment fiers d\u2019avoir repris l\u2019\u00e9tang carpe19 de 2,7 hectares restaur\u00e9 avec ardeur par les anciens propri\u00e9taires,\" \/>\n<meta property=\"og:url\" content=\"https:\/\/carpe19.com\/\" \/>\n<meta property=\"og:site_name\" content=\"Carpe19\" \/>\n<meta property=\"article:modified_time\" content=\"2026-01-03T16:13:20+00:00\" \/>\n<meta property=\"og:image\" content=\"https:\/\/carpe19.com\/wp-content\/uploads\/2024\/09\/IMG_2465-1024x768.jpg\" \/>\n<meta name=\"twitter:card\" content=\"summary_large_image\" \/>\n<meta name=\"twitter:label1\" content=\"Dur\u00e9e de lecture estim\u00e9e\" \/>\n\t<meta name=\"twitter:data1\" content=\"3 minutes\" \/>\n<script type=\"application\/ld+json\" class=\"yoast-schema-graph\">{\"@context\":\"https:\\\/\\\/schema.org\",\"@graph\":[{\"@type\":\"WebPage\",\"@id\":\"https:\\\/\\\/carpe19.com\\\/\",\"url\":\"https:\\\/\\\/carpe19.com\\\/\",\"name\":\"carpe19\",\"isPartOf\":{\"@id\":\"https:\\\/\\\/carpe19.com\\\/#website\"},\"primaryImageOfPage\":{\"@id\":\"https:\\\/\\\/carpe19.com\\\/#primaryimage\"},\"image\":{\"@id\":\"https:\\\/\\\/carpe19.com\\\/#primaryimage\"},\"thumbnailUrl\":\"https:\\\/\\\/carpe19.com\\\/wp-content\\\/uploads\\\/2024\\\/09\\\/IMG_2465-1024x768.jpg\",\"datePublished\":\"2024-04-20T12:27:29+00:00\",\"dateModified\":\"2026-01-03T16:13:20+00:00\",\"description\":\"Nous sommes profond\u00e9ment fiers d\u2019avoir repris l\u2019\u00e9tang carpe19 de 2,7 hectares restaur\u00e9 avec ardeur par les anciens propri\u00e9taires,\",\"breadcrumb\":{\"@id\":\"https:\\\/\\\/carpe19.com\\\/#breadcrumb\"},\"inLanguage\":\"fr-FR\",\"potentialAction\":[{\"@type\":\"ReadAction\",\"target\":[\"https:\\\/\\\/carpe19.com\\\/\"]}]},{\"@type\":\"ImageObject\",\"inLanguage\":\"fr-FR\",\"@id\":\"https:\\\/\\\/carpe19.com\\\/#primaryimage\",\"url\":\"https:\\\/\\\/i0.wp.com\\\/carpe19.com\\\/wp-content\\\/uploads\\\/2024\\\/09\\\/IMG_2465-scaled.jpg?fit=2560%2C1920&ssl=1\",\"contentUrl\":\"https:\\\/\\\/i0.wp.com\\\/carpe19.com\\\/wp-content\\\/uploads\\\/2024\\\/09\\\/IMG_2465-scaled.jpg?fit=2560%2C1920&ssl=1\",\"width\":2560,\"height\":1920},{\"@type\":\"BreadcrumbList\",\"@id\":\"https:\\\/\\\/carpe19.com\\\/#breadcrumb\",\"itemListElement\":[{\"@type\":\"ListItem\",\"position\":1,\"name\":\"Accueil\",\"item\":\"https:\\\/\\\/carpe19.com\\\/\"},{\"@type\":\"ListItem\",\"position\":2,\"name\":\"Accueil\"}]},{\"@type\":\"WebSite\",\"@id\":\"https:\\\/\\\/carpe19.com\\\/#website\",\"url\":\"https:\\\/\\\/carpe19.com\\\/\",\"name\":\"Carpe19\",\"description\":\"\",\"publisher\":{\"@id\":\"https:\\\/\\\/carpe19.com\\\/#organization\"},\"potentialAction\":[{\"@type\":\"SearchAction\",\"target\":{\"@type\":\"EntryPoint\",\"urlTemplate\":\"https:\\\/\\\/carpe19.com\\\/?s={search_term_string}\"},\"query-input\":{\"@type\":\"PropertyValueSpecification\",\"valueRequired\":true,\"valueName\":\"search_term_string\"}}],\"inLanguage\":\"fr-FR\"},{\"@type\":\"Organization\",\"@id\":\"https:\\\/\\\/carpe19.com\\\/#organization\",\"name\":\"Carpe19\",\"url\":\"https:\\\/\\\/carpe19.com\\\/\",\"logo\":{\"@type\":\"ImageObject\",\"inLanguage\":\"fr-FR\",\"@id\":\"https:\\\/\\\/carpe19.com\\\/#\\\/schema\\\/logo\\\/image\\\/\",\"url\":\"https:\\\/\\\/i0.wp.com\\\/carpe19.com\\\/wp-content\\\/uploads\\\/2024\\\/05\\\/cropped-cropped-Capture-decran-2024-04-19-225015-1.png?fit=759%2C192&ssl=1\",\"contentUrl\":\"https:\\\/\\\/i0.wp.com\\\/carpe19.com\\\/wp-content\\\/uploads\\\/2024\\\/05\\\/cropped-cropped-Capture-decran-2024-04-19-225015-1.png?fit=759%2C192&ssl=1\",\"width\":759,\"height\":192,\"caption\":\"Carpe19\"},\"image\":{\"@id\":\"https:\\\/\\\/carpe19.com\\\/#\\\/schema\\\/logo\\\/image\\\/\"}}]}<\/script>\n<!-- \/ Yoast SEO plugin. -->","yoast_head_json":{"title":"carpe19","description":"Nous sommes profond\u00e9ment fiers d\u2019avoir repris l\u2019\u00e9tang carpe19 de 2,7 hectares restaur\u00e9 avec ardeur par les anciens propri\u00e9taires,","robots":{"index":"index","follow":"follow","max-snippet":"max-snippet:-1","max-image-preview":"max-image-preview:large","max-video-preview":"max-video-preview:-1"},"canonical":"https:\/\/carpe19.com\/","og_locale":"fr_FR","og_type":"article","og_title":"carpe19","og_description":"Nous sommes profond\u00e9ment fiers d\u2019avoir repris l\u2019\u00e9tang carpe19 de 2,7 hectares restaur\u00e9 avec ardeur par les anciens propri\u00e9taires,","og_url":"https:\/\/carpe19.com\/","og_site_name":"Carpe19","article_modified_time":"2026-01-03T16:13:20+00:00","og_image":[{"url":"https:\/\/carpe19.com\/wp-content\/uploads\/2024\/09\/IMG_2465-1024x768.jpg","type":"","width":"","height":""}],"twitter_card":"summary_large_image","twitter_misc":{"Dur\u00e9e de lecture estim\u00e9e":"3 minutes"},"schema":{"@context":"https:\/\/schema.org","@graph":[{"@type":"WebPage","@id":"https:\/\/carpe19.com\/","url":"https:\/\/carpe19.com\/","name":"carpe19","isPartOf":{"@id":"https:\/\/carpe19.com\/#website"},"primaryImageOfPage":{"@id":"https:\/\/carpe19.com\/#primaryimage"},"image":{"@id":"https:\/\/carpe19.com\/#primaryimage"},"thumbnailUrl":"https:\/\/carpe19.com\/wp-content\/uploads\/2024\/09\/IMG_2465-1024x768.jpg","datePublished":"2024-04-20T12:27:29+00:00","dateModified":"2026-01-03T16:13:20+00:00","description":"Nous sommes profond\u00e9ment fiers d\u2019avoir repris l\u2019\u00e9tang carpe19 de 2,7 hectares restaur\u00e9 avec ardeur par les anciens propri\u00e9taires,","breadcrumb":{"@id":"https:\/\/carpe19.com\/#breadcrumb"},"inLanguage":"fr-FR","potentialAction":[{"@type":"ReadAction","target":["https:\/\/carpe19.com\/"]}]},{"@type":"ImageObject","inLanguage":"fr-FR","@id":"https:\/\/carpe19.com\/#primaryimage","url":"https:\/\/i0.wp.com\/carpe19.com\/wp-content\/uploads\/2024\/09\/IMG_2465-scaled.jpg?fit=2560%2C1920&ssl=1","contentUrl":"https:\/\/i0.wp.com\/carpe19.com\/wp-content\/uploads\/2024\/09\/IMG_2465-scaled.jpg?fit=2560%2C1920&ssl=1","width":2560,"height":1920},{"@type":"BreadcrumbList","@id":"https:\/\/carpe19.com\/#breadcrumb","itemListElement":[{"@type":"ListItem","position":1,"name":"Accueil","item":"https:\/\/carpe19.com\/"},{"@type":"ListItem","position":2,"name":"Accueil"}]},{"@type":"WebSite","@id":"https:\/\/carpe19.com\/#website","url":"https:\/\/carpe19.com\/","name":"Carpe19","description":"","publisher":{"@id":"https:\/\/carpe19.com\/#organization"},"potentialAction":[{"@type":"SearchAction","target":{"@type":"EntryPoint","urlTemplate":"https:\/\/carpe19.com\/?s={search_term_string}"},"query-input":{"@type":"PropertyValueSpecification","valueRequired":true,"valueName":"search_term_string"}}],"inLanguage":"fr-FR"},{"@type":"Organization","@id":"https:\/\/carpe19.com\/#organization","name":"Carpe19","url":"https:\/\/carpe19.com\/","logo":{"@type":"ImageObject","inLanguage":"fr-FR","@id":"https:\/\/carpe19.com\/#\/schema\/logo\/image\/","url":"https:\/\/i0.wp.com\/carpe19.com\/wp-content\/uploads\/2024\/05\/cropped-cropped-Capture-decran-2024-04-19-225015-1.png?fit=759%2C192&ssl=1","contentUrl":"https:\/\/i0.wp.com\/carpe19.com\/wp-content\/uploads\/2024\/05\/cropped-cropped-Capture-decran-2024-04-19-225015-1.png?fit=759%2C192&ssl=1","width":759,"height":192,"caption":"Carpe19"},"image":{"@id":"https:\/\/carpe19.com\/#\/schema\/logo\/image\/"}}]}},"jetpack_sharing_enabled":true,"_links":{"self":[{"href":"https:\/\/carpe19.com\/index.php\/wp-json\/wp\/v2\/pages\/34","targetHints":{"allow":["GET"]}}],"collection":[{"href":"https:\/\/carpe19.com\/index.php\/wp-json\/wp\/v2\/pages"}],"about":[{"href":"https:\/\/carpe19.com\/index.php\/wp-json\/wp\/v2\/types\/page"}],"author":[{"embeddable":true,"href":"https:\/\/carpe19.com\/index.php\/wp-json\/wp\/v2\/users\/1"}],"replies":[{"embeddable":true,"href":"https:\/\/carpe19.com\/index.php\/wp-json\/wp\/v2\/comments?post=34"}],"version-history":[{"count":149,"href":"https:\/\/carpe19.com\/index.php\/wp-json\/wp\/v2\/pages\/34\/revisions"}],"predecessor-version":[{"id":1548,"href":"https:\/\/carpe19.com\/index.php\/wp-json\/wp\/v2\/pages\/34\/revisions\/1548"}],"wp:attachment":[{"href":"https:\/\/carpe19.com\/index.php\/wp-json\/wp\/v2\/media?parent=34"}],"curies":[{"name":"wp","href":"https:\/\/api.w.org\/{rel}","templated":true}]}}